{"id":1246,"date":"2023-10-31T11:10:21","date_gmt":"2023-10-31T08:10:21","guid":{"rendered":"https:\/\/dilekterzioglu.com\/gallery\/"},"modified":"2025-03-12T10:58:46","modified_gmt":"2025-03-12T07:58:46","slug":"galeri","status":"publish","type":"page","link":"https:\/\/dilekterzioglu.com\/tr\/galeri\/","title":{"rendered":"Galeri"},"content":{"rendered":"\t\t<div data-elementor-type=\"wp-page\" data-elementor-id=\"1246\" class=\"elementor elementor-1246\" data-elementor-post-type=\"page\">\n\t\t\t\t<div class=\"elementor-element elementor-element-f337fa9 e-flex e-con-boxed e-con e-parent\" data-id=\"f337fa9\" data-element_type=\"container\" data-settings=\"{&quot;background_background&quot;:&quot;classic&quot;}\">\n\t\t\t\t\t<div class=\"e-con-inner\">\n\t\t<div class=\"elementor-element elementor-element-70241f9 e-con-full e-flex e-con e-child\" data-id=\"70241f9\" data-element_type=\"container\">\n\t\t\t\t<div class=\"elementor-element elementor-element-d68832a elementor-widget elementor-widget-elementskit-heading\" data-id=\"d68832a\" data-element_type=\"widget\" data-widget_type=\"elementskit-heading.default\">\n\t\t\t\t<div class=\"elementor-widget-container\">\n\t\t\t\t\t<div class=\"ekit-wid-con\" ><div class=\"ekit-heading elementskit-section-title-wraper text_center   ekit_heading_tablet-   ekit_heading_mobile-\"><h1 class=\"ekit-heading--title elementskit-section-title \">Galeri<\/h1><\/div><\/div>\t\t\t\t<\/div>\n\t\t\t\t<\/div>\n\t\t\t\t<div class=\"elementor-element elementor-element-5f3702b elementor-widget elementor-widget-shortcode\" data-id=\"5f3702b\" data-element_type=\"widget\" data-widget_type=\"shortcode.default\">\n\t\t\t\t<div class=\"elementor-widget-container\">\n\t\t\t\t\t\t\t<div class=\"elementor-shortcode\"><div class=\"aioseo-breadcrumbs\"><span class=\"aioseo-breadcrumb\">\n\tHome\n<\/span><\/div><\/div>\n\t\t\t\t\t\t<\/div>\n\t\t\t\t<\/div>\n\t\t\t\t<\/div>\n\t\t\t\t\t<\/div>\n\t\t\t\t<\/div>\n\t\t\t\t<section class=\"elementor-section elementor-top-section elementor-element elementor-element-4db7003e elementor-section-boxed elementor-section-height-default elementor-section-height-default\" data-id=\"4db7003e\" data-element_type=\"section\">\n\t\t\t\t\t\t<div class=\"elementor-container elementor-column-gap-no\">\n\t\t\t\t\t<div class=\"elementor-column elementor-col-33 elementor-top-column elementor-element elementor-element-1986f02\" data-id=\"1986f02\" data-element_type=\"column\">\n\t\t\t<div class=\"elementor-widget-wrap elementor-element-populated\">\n\t\t\t\t\t\t<div class=\"elementor-element elementor-element-44e96a81 elementor-widget elementor-widget-image\" data-id=\"44e96a81\" data-element_type=\"widget\" data-widget_type=\"image.default\">\n\t\t\t\t<div class=\"elementor-widget-container\">\n\t\t\t\t\t\t\t\t\t\t\t\t\t\t\t\t<a href=\"\/tr\/galeri\/after-parti\/\">\n\t\t\t\t\t\t\t<img fetchpriority=\"high\" decoding=\"async\" width=\"1600\" height=\"1067\" src=\"https:\/\/dilekterzioglu.com\/wp-content\/uploads\/2023\/10\/DSC_6586-min.jpg\" class=\"attachment-full size-full wp-image-647\" alt=\"\" srcset=\"https:\/\/dilekterzioglu.com\/wp-content\/uploads\/2023\/10\/DSC_6586-min.jpg 1600w, https:\/\/dilekterzioglu.com\/wp-content\/uploads\/2023\/10\/DSC_6586-min-300x200.jpg 300w, https:\/\/dilekterzioglu.com\/wp-content\/uploads\/2023\/10\/DSC_6586-min-1024x683.jpg 1024w, https:\/\/dilekterzioglu.com\/wp-content\/uploads\/2023\/10\/DSC_6586-min-768x512.jpg 768w, https:\/\/dilekterzioglu.com\/wp-content\/uploads\/2023\/10\/DSC_6586-min-1536x1024.jpg 1536w\" sizes=\"(max-width: 1600px) 100vw, 1600px\" \/>\t\t\t\t\t\t\t\t<\/a>\n\t\t\t\t\t\t\t\t\t\t\t\t\t\t\t<\/div>\n\t\t\t\t<\/div>\n\t\t\t\t<div class=\"elementor-element elementor-element-88243c1 gallery-h2 elementor-widget elementor-widget-heading\" data-id=\"88243c1\" data-element_type=\"widget\" data-widget_type=\"heading.default\">\n\t\t\t\t<div class=\"elementor-widget-container\">\n\t\t\t\t\t<h2 class=\"elementor-heading-title elementor-size-default\">AFTER PART\u0130<\/h2>\t\t\t\t<\/div>\n\t\t\t\t<\/div>\n\t\t\t\t<div class=\"elementor-element elementor-element-145ad14e elementor-widget elementor-widget-elementskit-button\" data-id=\"145ad14e\" data-element_type=\"widget\" data-widget_type=\"elementskit-button.default\">\n\t\t\t\t<div class=\"elementor-widget-container\">\n\t\t\t\t\t<div class=\"ekit-wid-con\" >\t\t<div class=\"ekit-btn-wraper\">\n\t\t\t\t\t\t\t<a href=\"\/tr\/galeri\/after-parti\/\" class=\"elementskit-btn  whitespace--normal\" >\n\t\t\t\t\t\n\t\t\t\t\t\n\t\t\t\t\tAfter Parti\t\t\t\t<\/a>\n\t\t\t\t\t\t<\/div>\n        <\/div>\t\t\t\t<\/div>\n\t\t\t\t<\/div>\n\t\t\t\t\t<\/div>\n\t\t<\/div>\n\t\t\t\t<div class=\"elementor-column elementor-col-33 elementor-top-column elementor-element elementor-element-79978946\" data-id=\"79978946\" data-element_type=\"column\">\n\t\t\t<div class=\"elementor-widget-wrap elementor-element-populated\">\n\t\t\t\t\t\t<div class=\"elementor-element elementor-element-6aa1628d elementor-widget elementor-widget-image\" data-id=\"6aa1628d\" data-element_type=\"widget\" data-widget_type=\"image.default\">\n\t\t\t\t<div class=\"elementor-widget-container\">\n\t\t\t\t\t\t\t\t\t\t\t\t\t\t\t\t<a href=\"\/gallery\/bride-groom\/\">\n\t\t\t\t\t\t\t<img decoding=\"async\" width=\"1600\" height=\"1067\" src=\"https:\/\/dilekterzioglu.com\/wp-content\/uploads\/2023\/10\/0011-min-scaled.jpg\" class=\"attachment-full size-full wp-image-670\" alt=\"\" srcset=\"https:\/\/dilekterzioglu.com\/wp-content\/uploads\/2023\/10\/0011-min-scaled.jpg 1600w, https:\/\/dilekterzioglu.com\/wp-content\/uploads\/2023\/10\/0011-min-300x200.jpg 300w, https:\/\/dilekterzioglu.com\/wp-content\/uploads\/2023\/10\/0011-min-1024x683.jpg 1024w, https:\/\/dilekterzioglu.com\/wp-content\/uploads\/2023\/10\/0011-min-768x512.jpg 768w, https:\/\/dilekterzioglu.com\/wp-content\/uploads\/2023\/10\/0011-min-1536x1024.jpg 1536w, https:\/\/dilekterzioglu.com\/wp-content\/uploads\/2023\/10\/0011-min-2048x1365.jpg 2048w\" sizes=\"(max-width: 1600px) 100vw, 1600px\" \/>\t\t\t\t\t\t\t\t<\/a>\n\t\t\t\t\t\t\t\t\t\t\t\t\t\t\t<\/div>\n\t\t\t\t<\/div>\n\t\t\t\t<div class=\"elementor-element elementor-element-1265c07 gallery-h2 elementor-widget elementor-widget-heading\" data-id=\"1265c07\" data-element_type=\"widget\" data-widget_type=\"heading.default\">\n\t\t\t\t<div class=\"elementor-widget-container\">\n\t\t\t\t\t<h2 class=\"elementor-heading-title elementor-size-default\">GEL\u0130N &amp; DAMAT<\/h2>\t\t\t\t<\/div>\n\t\t\t\t<\/div>\n\t\t\t\t<div class=\"elementor-element elementor-element-62b21bbf elementor-widget elementor-widget-elementskit-button\" data-id=\"62b21bbf\" data-element_type=\"widget\" data-widget_type=\"elementskit-button.default\">\n\t\t\t\t<div class=\"elementor-widget-container\">\n\t\t\t\t\t<div class=\"ekit-wid-con\" >\t\t<div class=\"ekit-btn-wraper\">\n\t\t\t\t\t\t\t<a href=\"\/tr\/galeri\/gelin-damat\/\" class=\"elementskit-btn  whitespace--normal\" >\n\t\t\t\t\t\n\t\t\t\t\t\n\t\t\t\t\tGelin &amp; Damat\t\t\t\t<\/a>\n\t\t\t\t\t\t<\/div>\n        <\/div>\t\t\t\t<\/div>\n\t\t\t\t<\/div>\n\t\t\t\t\t<\/div>\n\t\t<\/div>\n\t\t\t\t<div class=\"elementor-column elementor-col-33 elementor-top-column elementor-element elementor-element-2645f79d\" data-id=\"2645f79d\" data-element_type=\"column\">\n\t\t\t<div class=\"elementor-widget-wrap elementor-element-populated\">\n\t\t\t\t\t\t<div class=\"elementor-element elementor-element-277a2e32 elementor-widget elementor-widget-image\" data-id=\"277a2e32\" data-element_type=\"widget\" data-widget_type=\"image.default\">\n\t\t\t\t<div class=\"elementor-widget-container\">\n\t\t\t\t\t\t\t\t\t\t\t\t\t\t\t\t<a href=\"\/tr\/galeri\/catering\/\">\n\t\t\t\t\t\t\t<img decoding=\"async\" width=\"1600\" height=\"1067\" src=\"https:\/\/dilekterzioglu.com\/wp-content\/uploads\/2023\/10\/IMG_3930-min-scaled.jpg\" class=\"attachment-full size-full wp-image-1054\" alt=\"\" srcset=\"https:\/\/dilekterzioglu.com\/wp-content\/uploads\/2023\/10\/IMG_3930-min-scaled.jpg 1600w, https:\/\/dilekterzioglu.com\/wp-content\/uploads\/2023\/10\/IMG_3930-min-300x200.jpg 300w, https:\/\/dilekterzioglu.com\/wp-content\/uploads\/2023\/10\/IMG_3930-min-1024x683.jpg 1024w, https:\/\/dilekterzioglu.com\/wp-content\/uploads\/2023\/10\/IMG_3930-min-768x512.jpg 768w, https:\/\/dilekterzioglu.com\/wp-content\/uploads\/2023\/10\/IMG_3930-min-1536x1024.jpg 1536w, https:\/\/dilekterzioglu.com\/wp-content\/uploads\/2023\/10\/IMG_3930-min-2048x1365.jpg 2048w\" sizes=\"(max-width: 1600px) 100vw, 1600px\" \/>\t\t\t\t\t\t\t\t<\/a>\n\t\t\t\t\t\t\t\t\t\t\t\t\t\t\t<\/div>\n\t\t\t\t<\/div>\n\t\t\t\t<div class=\"elementor-element elementor-element-0c9b837 gallery-h2 elementor-widget elementor-widget-heading\" data-id=\"0c9b837\" data-element_type=\"widget\" data-widget_type=\"heading.default\">\n\t\t\t\t<div class=\"elementor-widget-container\">\n\t\t\t\t\t<h2 class=\"elementor-heading-title elementor-size-default\">CATER\u0130NG<\/h2>\t\t\t\t<\/div>\n\t\t\t\t<\/div>\n\t\t\t\t<div class=\"elementor-element elementor-element-3385efb9 elementor-widget elementor-widget-elementskit-button\" data-id=\"3385efb9\" data-element_type=\"widget\" data-widget_type=\"elementskit-button.default\">\n\t\t\t\t<div class=\"elementor-widget-container\">\n\t\t\t\t\t<div class=\"ekit-wid-con\" >\t\t<div class=\"ekit-btn-wraper\">\n\t\t\t\t\t\t\t<a href=\"\/tr\/galeri\/catering\/\" class=\"elementskit-btn  whitespace--normal\" >\n\t\t\t\t\t\n\t\t\t\t\t\n\t\t\t\t\tCatering\t\t\t\t<\/a>\n\t\t\t\t\t\t<\/div>\n        <\/div>\t\t\t\t<\/div>\n\t\t\t\t<\/div>\n\t\t\t\t\t<\/div>\n\t\t<\/div>\n\t\t\t\t\t<\/div>\n\t\t<\/section>\n\t\t\t\t<section class=\"elementor-section elementor-top-section elementor-element elementor-element-7ae271ea elementor-section-boxed elementor-section-height-default elementor-section-height-default\" data-id=\"7ae271ea\" data-element_type=\"section\">\n\t\t\t\t\t\t<div class=\"elementor-container elementor-column-gap-no\">\n\t\t\t\t\t<div class=\"elementor-column elementor-col-33 elementor-top-column elementor-element elementor-element-2a87cc32\" data-id=\"2a87cc32\" data-element_type=\"column\">\n\t\t\t<div class=\"elementor-widget-wrap elementor-element-populated\">\n\t\t\t\t\t\t<div class=\"elementor-element elementor-element-620a3c37 elementor-widget elementor-widget-image\" data-id=\"620a3c37\" data-element_type=\"widget\" data-widget_type=\"image.default\">\n\t\t\t\t<div class=\"elementor-widget-container\">\n\t\t\t\t\t\t\t\t\t\t\t\t\t\t\t\t<a href=\"\/tr\/galeri\/seremoni\/\">\n\t\t\t\t\t\t\t<img loading=\"lazy\" decoding=\"async\" width=\"1600\" height=\"1067\" src=\"https:\/\/dilekterzioglu.com\/wp-content\/uploads\/2023\/10\/MRT8974-scaled.jpg\" class=\"attachment-full size-full wp-image-1149\" alt=\"\" srcset=\"https:\/\/dilekterzioglu.com\/wp-content\/uploads\/2023\/10\/MRT8974-scaled.jpg 1600w, https:\/\/dilekterzioglu.com\/wp-content\/uploads\/2023\/10\/MRT8974-300x200.jpg 300w, https:\/\/dilekterzioglu.com\/wp-content\/uploads\/2023\/10\/MRT8974-1024x683.jpg 1024w, https:\/\/dilekterzioglu.com\/wp-content\/uploads\/2023\/10\/MRT8974-768x512.jpg 768w, https:\/\/dilekterzioglu.com\/wp-content\/uploads\/2023\/10\/MRT8974-1536x1024.jpg 1536w, https:\/\/dilekterzioglu.com\/wp-content\/uploads\/2023\/10\/MRT8974-2048x1365.jpg 2048w\" sizes=\"(max-width: 1600px) 100vw, 1600px\" \/>\t\t\t\t\t\t\t\t<\/a>\n\t\t\t\t\t\t\t\t\t\t\t\t\t\t\t<\/div>\n\t\t\t\t<\/div>\n\t\t\t\t<div class=\"elementor-element elementor-element-c79efb5 gallery-h2 elementor-widget elementor-widget-heading\" data-id=\"c79efb5\" data-element_type=\"widget\" data-widget_type=\"heading.default\">\n\t\t\t\t<div class=\"elementor-widget-container\">\n\t\t\t\t\t<h2 class=\"elementor-heading-title elementor-size-default\">SEREMON\u0130<\/h2>\t\t\t\t<\/div>\n\t\t\t\t<\/div>\n\t\t\t\t<div class=\"elementor-element elementor-element-927628 elementor-widget elementor-widget-elementskit-button\" data-id=\"927628\" data-element_type=\"widget\" data-widget_type=\"elementskit-button.default\">\n\t\t\t\t<div class=\"elementor-widget-container\">\n\t\t\t\t\t<div class=\"ekit-wid-con\" >\t\t<div class=\"ekit-btn-wraper\">\n\t\t\t\t\t\t\t<a href=\"\/tr\/galeri\/seremoni\/\" class=\"elementskit-btn  whitespace--normal\" >\n\t\t\t\t\t\n\t\t\t\t\t\n\t\t\t\t\tSeremoni\t\t\t\t<\/a>\n\t\t\t\t\t\t<\/div>\n        <\/div>\t\t\t\t<\/div>\n\t\t\t\t<\/div>\n\t\t\t\t\t<\/div>\n\t\t<\/div>\n\t\t\t\t<div class=\"elementor-column elementor-col-33 elementor-top-column elementor-element elementor-element-53439f59\" data-id=\"53439f59\" data-element_type=\"column\">\n\t\t\t<div class=\"elementor-widget-wrap elementor-element-populated\">\n\t\t\t\t\t\t<div class=\"elementor-element elementor-element-16108e4a elementor-widget elementor-widget-image\" data-id=\"16108e4a\" data-element_type=\"widget\" data-widget_type=\"image.default\">\n\t\t\t\t<div class=\"elementor-widget-container\">\n\t\t\t\t\t\t\t\t\t\t\t\t\t\t\t\t<a href=\"\/tr\/galeri\/masa-dekorasyonu\/\">\n\t\t\t\t\t\t\t<img loading=\"lazy\" decoding=\"async\" width=\"1600\" height=\"1067\" src=\"https:\/\/dilekterzioglu.com\/wp-content\/uploads\/2023\/10\/018-min-scaled.jpg\" class=\"attachment-full size-full wp-image-807\" alt=\"\" srcset=\"https:\/\/dilekterzioglu.com\/wp-content\/uploads\/2023\/10\/018-min-scaled.jpg 1600w, https:\/\/dilekterzioglu.com\/wp-content\/uploads\/2023\/10\/018-min-300x200.jpg 300w, https:\/\/dilekterzioglu.com\/wp-content\/uploads\/2023\/10\/018-min-1024x683.jpg 1024w, https:\/\/dilekterzioglu.com\/wp-content\/uploads\/2023\/10\/018-min-768x512.jpg 768w, https:\/\/dilekterzioglu.com\/wp-content\/uploads\/2023\/10\/018-min-1536x1024.jpg 1536w, https:\/\/dilekterzioglu.com\/wp-content\/uploads\/2023\/10\/018-min-2048x1365.jpg 2048w\" sizes=\"(max-width: 1600px) 100vw, 1600px\" \/>\t\t\t\t\t\t\t\t<\/a>\n\t\t\t\t\t\t\t\t\t\t\t\t\t\t\t<\/div>\n\t\t\t\t<\/div>\n\t\t\t\t<div class=\"elementor-element elementor-element-50a7277 gallery-h2 elementor-widget elementor-widget-heading\" data-id=\"50a7277\" data-element_type=\"widget\" data-widget_type=\"heading.default\">\n\t\t\t\t<div class=\"elementor-widget-container\">\n\t\t\t\t\t<h2 class=\"elementor-heading-title elementor-size-default\">MASA DEKORASYONU<\/h2>\t\t\t\t<\/div>\n\t\t\t\t<\/div>\n\t\t\t\t<div class=\"elementor-element elementor-element-17cea6e elementor-widget elementor-widget-elementskit-button\" data-id=\"17cea6e\" data-element_type=\"widget\" data-widget_type=\"elementskit-button.default\">\n\t\t\t\t<div class=\"elementor-widget-container\">\n\t\t\t\t\t<div class=\"ekit-wid-con\" >\t\t<div class=\"ekit-btn-wraper\">\n\t\t\t\t\t\t\t<a href=\"\/tr\/galeri\/masa-dekorasyonu\/\" class=\"elementskit-btn  whitespace--normal\" >\n\t\t\t\t\t\n\t\t\t\t\t\n\t\t\t\t\tMasa Dekorasyonu\t\t\t\t<\/a>\n\t\t\t\t\t\t<\/div>\n        <\/div>\t\t\t\t<\/div>\n\t\t\t\t<\/div>\n\t\t\t\t\t<\/div>\n\t\t<\/div>\n\t\t\t\t<div class=\"elementor-column elementor-col-33 elementor-top-column elementor-element elementor-element-285cdc0f\" data-id=\"285cdc0f\" data-element_type=\"column\">\n\t\t\t<div class=\"elementor-widget-wrap elementor-element-populated\">\n\t\t\t\t\t\t<div class=\"elementor-element elementor-element-59fc1677 elementor-widget elementor-widget-image\" data-id=\"59fc1677\" data-element_type=\"widget\" data-widget_type=\"image.default\">\n\t\t\t\t<div class=\"elementor-widget-container\">\n\t\t\t\t\t\t\t\t\t\t\t\t\t\t\t\t<a href=\"\/tr\/galeri\/dugun-pastasi\/\">\n\t\t\t\t\t\t\t<img loading=\"lazy\" decoding=\"async\" width=\"1600\" height=\"1067\" src=\"https:\/\/dilekterzioglu.com\/wp-content\/uploads\/2023\/10\/060-min-scaled.jpg\" class=\"attachment-full size-full wp-image-1215\" alt=\"\" srcset=\"https:\/\/dilekterzioglu.com\/wp-content\/uploads\/2023\/10\/060-min-scaled.jpg 1600w, https:\/\/dilekterzioglu.com\/wp-content\/uploads\/2023\/10\/060-min-300x200.jpg 300w, https:\/\/dilekterzioglu.com\/wp-content\/uploads\/2023\/10\/060-min-1024x683.jpg 1024w, https:\/\/dilekterzioglu.com\/wp-content\/uploads\/2023\/10\/060-min-768x512.jpg 768w, https:\/\/dilekterzioglu.com\/wp-content\/uploads\/2023\/10\/060-min-1536x1024.jpg 1536w, https:\/\/dilekterzioglu.com\/wp-content\/uploads\/2023\/10\/060-min-2048x1365.jpg 2048w\" sizes=\"(max-width: 1600px) 100vw, 1600px\" \/>\t\t\t\t\t\t\t\t<\/a>\n\t\t\t\t\t\t\t\t\t\t\t\t\t\t\t<\/div>\n\t\t\t\t<\/div>\n\t\t\t\t<div class=\"elementor-element elementor-element-78d33ef gallery-h2 elementor-widget elementor-widget-heading\" data-id=\"78d33ef\" data-element_type=\"widget\" data-widget_type=\"heading.default\">\n\t\t\t\t<div class=\"elementor-widget-container\">\n\t\t\t\t\t<h2 class=\"elementor-heading-title elementor-size-default\">D\u00dc\u011e\u00dcN PASTASI<\/h2>\t\t\t\t<\/div>\n\t\t\t\t<\/div>\n\t\t\t\t<div class=\"elementor-element elementor-element-262fd95b elementor-widget elementor-widget-elementskit-button\" data-id=\"262fd95b\" data-element_type=\"widget\" data-widget_type=\"elementskit-button.default\">\n\t\t\t\t<div class=\"elementor-widget-container\">\n\t\t\t\t\t<div class=\"ekit-wid-con\" >\t\t<div class=\"ekit-btn-wraper\">\n\t\t\t\t\t\t\t<a href=\"\/tr\/galeri\/dugun-pastasi\/\" class=\"elementskit-btn  whitespace--normal\" >\n\t\t\t\t\t\n\t\t\t\t\t\n\t\t\t\t\tD\u00fc\u011f\u00fcn Pastas\u0131\t\t\t\t<\/a>\n\t\t\t\t\t\t<\/div>\n        <\/div>\t\t\t\t<\/div>\n\t\t\t\t<\/div>\n\t\t\t\t\t<\/div>\n\t\t<\/div>\n\t\t\t\t\t<\/div>\n\t\t<\/section>\n\t\t\t\t<\/div>\n\t\t","protected":false},"excerpt":{"rendered":"<p>AFTER PART\u0130 After Parti GEL\u0130N &#038; DAMAT Gelin &amp; Damat CATER\u0130NG Catering SEREMON\u0130 Seremoni MASA DEKORASYONU Masa Dekorasyonu D\u00dc\u011e\u00dcN PASTASI D\u00fc\u011f\u00fcn Pastas\u0131<\/p>\n","protected":false},"author":1,"featured_media":0,"parent":0,"menu_order":0,"comment_status":"closed","ping_status":"open","template":"elementor_header_footer","meta":{"om_disable_all_campaigns":false,"_monsterinsights_skip_tracking":false,"_monsterinsights_sitenote_active":false,"_monsterinsights_sitenote_note":"","_monsterinsights_sitenote_category":0,"_uf_show_specific_survey":0,"_uf_disable_surveys":false,"footnotes":""},"class_list":["post-1246","page","type-page","status-publish","hentry"],"aioseo_notices":[],"_links":{"self":[{"href":"https:\/\/dilekterzioglu.com\/tr\/wp-json\/wp\/v2\/pages\/1246","targetHints":{"allow":["GET"]}}],"collection":[{"href":"https:\/\/dilekterzioglu.com\/tr\/wp-json\/wp\/v2\/pages"}],"about":[{"href":"https:\/\/dilekterzioglu.com\/tr\/wp-json\/wp\/v2\/types\/page"}],"author":[{"embeddable":true,"href":"https:\/\/dilekterzioglu.com\/tr\/wp-json\/wp\/v2\/users\/1"}],"replies":[{"embeddable":true,"href":"https:\/\/dilekterzioglu.com\/tr\/wp-json\/wp\/v2\/comments?post=1246"}],"version-history":[{"count":6,"href":"https:\/\/dilekterzioglu.com\/tr\/wp-json\/wp\/v2\/pages\/1246\/revisions"}],"predecessor-version":[{"id":4006,"href":"https:\/\/dilekterzioglu.com\/tr\/wp-json\/wp\/v2\/pages\/1246\/revisions\/4006"}],"wp:attachment":[{"href":"https:\/\/dilekterzioglu.com\/tr\/wp-json\/wp\/v2\/media?parent=1246"}],"curies":[{"name":"wp","href":"https:\/\/api.w.org\/{rel}","templated":true}]}}