{"id":2270,"date":"2023-12-12T12:38:09","date_gmt":"2023-12-12T09:38:09","guid":{"rendered":"https:\/\/dilekterzioglu.com\/?page_id=2270"},"modified":"2024-08-15T16:36:02","modified_gmt":"2024-08-15T13:36:02","slug":"hakkimizda","status":"publish","type":"page","link":"https:\/\/dilekterzioglu.com\/tr\/hakkimizda\/","title":{"rendered":"Hakk\u0131m\u0131zda"},"content":{"rendered":"\t\t<div data-elementor-type=\"wp-page\" data-elementor-id=\"2270\" class=\"elementor elementor-2270\" data-elementor-post-type=\"page\">\n\t\t\t\t\t\t<section class=\"elementor-section elementor-top-section elementor-element elementor-element-7578c920 elementor-section-boxed elementor-section-height-default elementor-section-height-default\" data-id=\"7578c920\" data-element_type=\"section\" data-settings=\"{&quot;background_background&quot;:&quot;classic&quot;}\">\n\t\t\t\t\t\t\t<div class=\"elementor-background-overlay\"><\/div>\n\t\t\t\t\t\t\t<div class=\"elementor-container elementor-column-gap-no\">\n\t\t\t\t\t<div class=\"elementor-column elementor-col-100 elementor-top-column elementor-element elementor-element-39872e80\" data-id=\"39872e80\" data-element_type=\"column\">\n\t\t\t<div class=\"elementor-widget-wrap elementor-element-populated\">\n\t\t\t\t\t\t<div class=\"elementor-element elementor-element-15373851 elementor-widget elementor-widget-elementskit-heading\" data-id=\"15373851\" data-element_type=\"widget\" data-widget_type=\"elementskit-heading.default\">\n\t\t\t\t<div class=\"elementor-widget-container\">\n\t\t\t\t\t<div class=\"ekit-wid-con\" ><div class=\"ekit-heading elementskit-section-title-wraper text_center   ekit_heading_tablet-   ekit_heading_mobile-\"><h1 class=\"ekit-heading--title elementskit-section-title \">Hakk\u0131m\u0131zda<\/h1><\/div><\/div>\t\t\t\t<\/div>\n\t\t\t\t<\/div>\n\t\t\t\t<div class=\"elementor-element elementor-element-a1e2ea0 elementor-widget elementor-widget-shortcode\" data-id=\"a1e2ea0\" data-element_type=\"widget\" data-widget_type=\"shortcode.default\">\n\t\t\t\t<div class=\"elementor-widget-container\">\n\t\t\t\t\t\t\t<div class=\"elementor-shortcode\"><div class=\"aioseo-breadcrumbs\"><span class=\"aioseo-breadcrumb\">\n\tHome\n<\/span><\/div><\/div>\n\t\t\t\t\t\t<\/div>\n\t\t\t\t<\/div>\n\t\t\t\t\t<\/div>\n\t\t<\/div>\n\t\t\t\t\t<\/div>\n\t\t<\/section>\n\t\t\t\t<section class=\"elementor-section elementor-top-section elementor-element elementor-element-3699f62e elementor-section-boxed elementor-section-height-default elementor-section-height-default\" data-id=\"3699f62e\" data-element_type=\"section\" data-settings=\"{&quot;background_background&quot;:&quot;classic&quot;}\">\n\t\t\t\t\t\t<div class=\"elementor-container elementor-column-gap-no\">\n\t\t\t\t\t<div class=\"elementor-column elementor-col-100 elementor-top-column elementor-element elementor-element-21b50bfd\" data-id=\"21b50bfd\" data-element_type=\"column\">\n\t\t\t<div class=\"elementor-widget-wrap elementor-element-populated\">\n\t\t\t\t\t\t<section class=\"elementor-section elementor-inner-section elementor-element elementor-element-344384b1 elementor-section-boxed elementor-section-height-default elementor-section-height-default\" data-id=\"344384b1\" data-element_type=\"section\">\n\t\t\t\t\t\t<div class=\"elementor-container elementor-column-gap-no\">\n\t\t\t\t\t<div class=\"elementor-column elementor-col-50 elementor-inner-column elementor-element elementor-element-64df7dd4\" data-id=\"64df7dd4\" data-element_type=\"column\">\n\t\t\t<div class=\"elementor-widget-wrap elementor-element-populated\">\n\t\t\t\t\t\t<div class=\"elementor-element elementor-element-439dcff7 elementor-widget elementor-widget-image\" data-id=\"439dcff7\" data-element_type=\"widget\" data-widget_type=\"image.default\">\n\t\t\t\t<div class=\"elementor-widget-container\">\n\t\t\t\t\t\t\t\t\t\t\t\t\t\t\t<img fetchpriority=\"high\" decoding=\"async\" width=\"678\" height=\"714\" src=\"https:\/\/dilekterzioglu.com\/wp-content\/uploads\/2023\/12\/HakkimizdaRev-IMG3.png\" class=\"attachment-full size-full wp-image-1958\" alt=\"\" srcset=\"https:\/\/dilekterzioglu.com\/wp-content\/uploads\/2023\/12\/HakkimizdaRev-IMG3.png 678w, https:\/\/dilekterzioglu.com\/wp-content\/uploads\/2023\/12\/HakkimizdaRev-IMG3-285x300.png 285w\" sizes=\"(max-width: 678px) 100vw, 678px\" \/>\t\t\t\t\t\t\t\t\t\t\t\t\t\t\t<\/div>\n\t\t\t\t<\/div>\n\t\t\t\t\t<\/div>\n\t\t<\/div>\n\t\t\t\t<div class=\"elementor-column elementor-col-50 elementor-inner-column elementor-element elementor-element-559b7c76\" data-id=\"559b7c76\" data-element_type=\"column\">\n\t\t\t<div class=\"elementor-widget-wrap elementor-element-populated\">\n\t\t\t\t\t\t<div class=\"elementor-element elementor-element-7e7d7d44 elementor-widget elementor-widget-image\" data-id=\"7e7d7d44\" data-element_type=\"widget\" data-widget_type=\"image.default\">\n\t\t\t\t<div class=\"elementor-widget-container\">\n\t\t\t\t\t\t\t\t\t\t\t\t\t\t\t<img decoding=\"async\" width=\"1600\" height=\"614\" src=\"https:\/\/dilekterzioglu.com\/wp-content\/uploads\/2023\/12\/HakkimizdaRev-IMG1.png\" class=\"attachment-full size-full wp-image-1954\" alt=\"\" srcset=\"https:\/\/dilekterzioglu.com\/wp-content\/uploads\/2023\/12\/HakkimizdaRev-IMG1.png 1600w, https:\/\/dilekterzioglu.com\/wp-content\/uploads\/2023\/12\/HakkimizdaRev-IMG1-300x115.png 300w, https:\/\/dilekterzioglu.com\/wp-content\/uploads\/2023\/12\/HakkimizdaRev-IMG1-1024x393.png 1024w, https:\/\/dilekterzioglu.com\/wp-content\/uploads\/2023\/12\/HakkimizdaRev-IMG1-768x295.png 768w, https:\/\/dilekterzioglu.com\/wp-content\/uploads\/2023\/12\/HakkimizdaRev-IMG1-1536x589.png 1536w\" sizes=\"(max-width: 1600px) 100vw, 1600px\" \/>\t\t\t\t\t\t\t\t\t\t\t\t\t\t\t<\/div>\n\t\t\t\t<\/div>\n\t\t\t\t\t<\/div>\n\t\t<\/div>\n\t\t\t\t\t<\/div>\n\t\t<\/section>\n\t\t\t\t<section class=\"elementor-section elementor-inner-section elementor-element elementor-element-1d963ea7 elementor-section-boxed elementor-section-height-default elementor-section-height-default\" data-id=\"1d963ea7\" data-element_type=\"section\">\n\t\t\t\t\t\t<div class=\"elementor-container elementor-column-gap-no\">\n\t\t\t\t\t<div class=\"elementor-column elementor-col-50 elementor-inner-column elementor-element elementor-element-3ddffc4c\" data-id=\"3ddffc4c\" data-element_type=\"column\">\n\t\t\t<div class=\"elementor-widget-wrap elementor-element-populated\">\n\t\t\t\t\t\t<div class=\"elementor-element elementor-element-19738330 elementor-widget elementor-widget-image\" data-id=\"19738330\" data-element_type=\"widget\" data-widget_type=\"image.default\">\n\t\t\t\t<div class=\"elementor-widget-container\">\n\t\t\t\t\t\t\t\t\t\t\t\t\t\t\t<img decoding=\"async\" width=\"1600\" height=\"614\" src=\"https:\/\/dilekterzioglu.com\/wp-content\/uploads\/2023\/12\/HakkimizdaRev-IMG2.png\" class=\"attachment-full size-full wp-image-1956\" alt=\"\" srcset=\"https:\/\/dilekterzioglu.com\/wp-content\/uploads\/2023\/12\/HakkimizdaRev-IMG2.png 1600w, https:\/\/dilekterzioglu.com\/wp-content\/uploads\/2023\/12\/HakkimizdaRev-IMG2-300x115.png 300w, https:\/\/dilekterzioglu.com\/wp-content\/uploads\/2023\/12\/HakkimizdaRev-IMG2-1024x393.png 1024w, https:\/\/dilekterzioglu.com\/wp-content\/uploads\/2023\/12\/HakkimizdaRev-IMG2-768x295.png 768w, https:\/\/dilekterzioglu.com\/wp-content\/uploads\/2023\/12\/HakkimizdaRev-IMG2-1536x589.png 1536w\" sizes=\"(max-width: 1600px) 100vw, 1600px\" \/>\t\t\t\t\t\t\t\t\t\t\t\t\t\t\t<\/div>\n\t\t\t\t<\/div>\n\t\t\t\t\t<\/div>\n\t\t<\/div>\n\t\t\t\t<div class=\"elementor-column elementor-col-50 elementor-inner-column elementor-element elementor-element-54ba21d2\" data-id=\"54ba21d2\" data-element_type=\"column\">\n\t\t\t<div class=\"elementor-widget-wrap elementor-element-populated\">\n\t\t\t\t\t\t<div class=\"elementor-element elementor-element-152202a1 elementor-widget elementor-widget-image\" data-id=\"152202a1\" data-element_type=\"widget\" data-widget_type=\"image.default\">\n\t\t\t\t<div class=\"elementor-widget-container\">\n\t\t\t\t\t\t\t\t\t\t\t\t\t\t\t<img loading=\"lazy\" decoding=\"async\" width=\"678\" height=\"714\" src=\"https:\/\/dilekterzioglu.com\/wp-content\/uploads\/2023\/12\/HakkimizdaRev-IMG4.png\" class=\"attachment-full size-full wp-image-1960\" alt=\"\" srcset=\"https:\/\/dilekterzioglu.com\/wp-content\/uploads\/2023\/12\/HakkimizdaRev-IMG4.png 678w, https:\/\/dilekterzioglu.com\/wp-content\/uploads\/2023\/12\/HakkimizdaRev-IMG4-285x300.png 285w\" sizes=\"(max-width: 678px) 100vw, 678px\" \/>\t\t\t\t\t\t\t\t\t\t\t\t\t\t\t<\/div>\n\t\t\t\t<\/div>\n\t\t\t\t\t<\/div>\n\t\t<\/div>\n\t\t\t\t\t<\/div>\n\t\t<\/section>\n\t\t\t\t<section class=\"elementor-section elementor-inner-section elementor-element elementor-element-a0aca3c elementor-section-boxed elementor-section-height-default elementor-section-height-default\" data-id=\"a0aca3c\" data-element_type=\"section\">\n\t\t\t\t\t\t<div class=\"elementor-container elementor-column-gap-no\">\n\t\t\t\t\t<div class=\"elementor-column elementor-col-50 elementor-inner-column elementor-element elementor-element-45013b1f\" data-id=\"45013b1f\" data-element_type=\"column\">\n\t\t\t<div class=\"elementor-widget-wrap elementor-element-populated\">\n\t\t\t\t\t\t<div class=\"elementor-element elementor-element-3a76cb3 elementor-widget elementor-widget-image\" data-id=\"3a76cb3\" data-element_type=\"widget\" data-widget_type=\"image.default\">\n\t\t\t\t<div class=\"elementor-widget-container\">\n\t\t\t\t\t\t\t\t\t\t\t\t\t\t\t<img loading=\"lazy\" decoding=\"async\" width=\"1067\" height=\"1600\" src=\"https:\/\/dilekterzioglu.com\/wp-content\/uploads\/2023\/10\/dilek-scaled.jpg\" class=\"attachment-full size-full wp-image-579\" alt=\"\" srcset=\"https:\/\/dilekterzioglu.com\/wp-content\/uploads\/2023\/10\/dilek-scaled.jpg 1067w, https:\/\/dilekterzioglu.com\/wp-content\/uploads\/2023\/10\/dilek-200x300.jpg 200w, https:\/\/dilekterzioglu.com\/wp-content\/uploads\/2023\/10\/dilek-683x1024.jpg 683w, https:\/\/dilekterzioglu.com\/wp-content\/uploads\/2023\/10\/dilek-768x1152.jpg 768w, https:\/\/dilekterzioglu.com\/wp-content\/uploads\/2023\/10\/dilek-1024x1536.jpg 1024w, https:\/\/dilekterzioglu.com\/wp-content\/uploads\/2023\/10\/dilek-1365x2048.jpg 1365w\" sizes=\"(max-width: 1067px) 100vw, 1067px\" \/>\t\t\t\t\t\t\t\t\t\t\t\t\t\t\t<\/div>\n\t\t\t\t<\/div>\n\t\t\t\t\t<\/div>\n\t\t<\/div>\n\t\t\t\t<div class=\"elementor-column elementor-col-50 elementor-inner-column elementor-element elementor-element-22c0b65\" data-id=\"22c0b65\" data-element_type=\"column\">\n\t\t\t<div class=\"elementor-widget-wrap elementor-element-populated\">\n\t\t\t\t\t\t<div class=\"elementor-element elementor-element-5474b37f elementor-widget elementor-widget-text-editor\" data-id=\"5474b37f\" data-element_type=\"widget\" data-widget_type=\"text-editor.default\">\n\t\t\t\t<div class=\"elementor-widget-container\">\n\t\t\t\t\t\t\t\t\t<p>Dilek Terzio\u011flu &#8211; Kurucu<\/p>\t\t\t\t\t\t\t\t<\/div>\n\t\t\t\t<\/div>\n\t\t\t\t<div class=\"elementor-element elementor-element-1d33a0a1 elementor-widget elementor-widget-text-editor\" data-id=\"1d33a0a1\" data-element_type=\"widget\" data-widget_type=\"text-editor.default\">\n\t\t\t\t<div class=\"elementor-widget-container\">\n\t\t\t\t\t\t\t\t\t<p>Manajans Thompson \u2013 JWT\u2019de; Pazarlama \u0130leti\u015fimi ve Reklam alan\u0131nda 14 y\u0131ll\u0131k bir tecr\u00fcbeye sahip olan Dilek Terzio\u011flu daha sonra yiyecek \u2013 i\u00e7ecek sekt\u00f6r\u00fcnde VENGE\u2019de Marka olu\u015fumu, Pazarlama ileti\u015fimi, Marka y\u00f6netimi, Catering davetleri ve PR\u2019dan sorumlu olarak 11 y\u0131l g\u00f6rev ald\u0131.<\/p><p>\u0130\u015f hayat\u0131ndaki 25 y\u0131l\u0131 a\u015fk\u0131n tecr\u00fcbesiyle, 2012 y\u0131l\u0131nda Ki\u015fiye ve Kurumlara \u00d6zel Davetler ve Marka Dan\u0131\u015fmanl\u0131\u011f\u0131 alanlar\u0131nda hizmet veren kendi \u015firketini kurdu.<\/p>\t\t\t\t\t\t\t\t<\/div>\n\t\t\t\t<\/div>\n\t\t\t\t\t<\/div>\n\t\t<\/div>\n\t\t\t\t\t<\/div>\n\t\t<\/section>\n\t\t\t\t<section class=\"elementor-section elementor-inner-section elementor-element elementor-element-37fbaef elementor-hidden-tablet elementor-hidden-mobile elementor-section-boxed elementor-section-height-default elementor-section-height-default\" data-id=\"37fbaef\" data-element_type=\"section\">\n\t\t\t\t\t\t<div class=\"elementor-container elementor-column-gap-no\">\n\t\t\t\t\t<div class=\"elementor-column elementor-col-50 elementor-inner-column elementor-element elementor-element-53298b1\" data-id=\"53298b1\" data-element_type=\"column\">\n\t\t\t<div class=\"elementor-widget-wrap elementor-element-populated\">\n\t\t\t\t\t\t<div class=\"elementor-element elementor-element-dc2c95a elementor-widget elementor-widget-text-editor\" data-id=\"dc2c95a\" data-element_type=\"widget\" data-widget_type=\"text-editor.default\">\n\t\t\t\t<div class=\"elementor-widget-container\">\n\t\t\t\t\t\t\t\t\t<p>\u0130pek Terzio\u011flu &#8211; Ortak<\/p>\t\t\t\t\t\t\t\t<\/div>\n\t\t\t\t<\/div>\n\t\t\t\t<div class=\"elementor-element elementor-element-2f90af4 elementor-widget elementor-widget-text-editor\" data-id=\"2f90af4\" data-element_type=\"widget\" data-widget_type=\"text-editor.default\">\n\t\t\t\t<div class=\"elementor-widget-container\">\n\t\t\t\t\t\t\t\t\t<p>Fendi, Gucci,Tod\u2019s, Giorgio Armani,Vhernier, Palmiero, Roberto Coin gibi markalarda uzun y\u0131llar profesyonel olarak \u00e7al\u0131\u015fm\u0131\u015ft\u0131r.<\/p><p>Bu markalarda edindi\u011fi deneyimleri ile birlikte marka dan\u0131\u015fmanl\u0131\u011f\u0131 yapmaktad\u0131r.<\/p><p>Dilek Terzio\u011flu Events \u2018in davet concept \u00e7al\u0131\u015fmalar\u0131n\u0131n t\u00fcm a\u015famalar\u0131 kendisi taraf\u0131ndan y\u00f6netilmektedir.<\/p>\t\t\t\t\t\t\t\t<\/div>\n\t\t\t\t<\/div>\n\t\t\t\t\t<\/div>\n\t\t<\/div>\n\t\t\t\t<div class=\"elementor-column elementor-col-50 elementor-inner-column elementor-element elementor-element-09cbee3\" data-id=\"09cbee3\" data-element_type=\"column\">\n\t\t\t<div class=\"elementor-widget-wrap elementor-element-populated\">\n\t\t\t\t\t\t<div class=\"elementor-element elementor-element-056a527 elementor-widget elementor-widget-image\" data-id=\"056a527\" data-element_type=\"widget\" data-widget_type=\"image.default\">\n\t\t\t\t<div class=\"elementor-widget-container\">\n\t\t\t\t\t\t\t\t\t\t\t\t\t\t\t<img loading=\"lazy\" decoding=\"async\" width=\"1067\" height=\"1600\" src=\"https:\/\/dilekterzioglu.com\/wp-content\/uploads\/2023\/10\/ipek-scaled.jpg\" class=\"attachment-full size-full wp-image-581\" alt=\"\" srcset=\"https:\/\/dilekterzioglu.com\/wp-content\/uploads\/2023\/10\/ipek-scaled.jpg 1067w, https:\/\/dilekterzioglu.com\/wp-content\/uploads\/2023\/10\/ipek-200x300.jpg 200w, https:\/\/dilekterzioglu.com\/wp-content\/uploads\/2023\/10\/ipek-683x1024.jpg 683w, https:\/\/dilekterzioglu.com\/wp-content\/uploads\/2023\/10\/ipek-768x1152.jpg 768w, https:\/\/dilekterzioglu.com\/wp-content\/uploads\/2023\/10\/ipek-1024x1536.jpg 1024w, https:\/\/dilekterzioglu.com\/wp-content\/uploads\/2023\/10\/ipek-1365x2048.jpg 1365w\" sizes=\"(max-width: 1067px) 100vw, 1067px\" \/>\t\t\t\t\t\t\t\t\t\t\t\t\t\t\t<\/div>\n\t\t\t\t<\/div>\n\t\t\t\t\t<\/div>\n\t\t<\/div>\n\t\t\t\t\t<\/div>\n\t\t<\/section>\n\t\t\t\t<section class=\"elementor-section elementor-inner-section elementor-element elementor-element-bb5481e elementor-hidden-desktop elementor-section-boxed elementor-section-height-default elementor-section-height-default\" data-id=\"bb5481e\" data-element_type=\"section\">\n\t\t\t\t\t\t<div class=\"elementor-container elementor-column-gap-no\">\n\t\t\t\t\t<div class=\"elementor-column elementor-col-50 elementor-inner-column elementor-element elementor-element-5dcdbe9\" data-id=\"5dcdbe9\" data-element_type=\"column\">\n\t\t\t<div class=\"elementor-widget-wrap elementor-element-populated\">\n\t\t\t\t\t\t<div class=\"elementor-element elementor-element-3e82cdb elementor-widget elementor-widget-image\" data-id=\"3e82cdb\" data-element_type=\"widget\" data-widget_type=\"image.default\">\n\t\t\t\t<div class=\"elementor-widget-container\">\n\t\t\t\t\t\t\t\t\t\t\t\t\t\t\t<img loading=\"lazy\" decoding=\"async\" width=\"1067\" height=\"1600\" src=\"https:\/\/dilekterzioglu.com\/wp-content\/uploads\/2023\/10\/ipek-scaled.jpg\" class=\"attachment-full size-full wp-image-581\" alt=\"\" srcset=\"https:\/\/dilekterzioglu.com\/wp-content\/uploads\/2023\/10\/ipek-scaled.jpg 1067w, https:\/\/dilekterzioglu.com\/wp-content\/uploads\/2023\/10\/ipek-200x300.jpg 200w, https:\/\/dilekterzioglu.com\/wp-content\/uploads\/2023\/10\/ipek-683x1024.jpg 683w, https:\/\/dilekterzioglu.com\/wp-content\/uploads\/2023\/10\/ipek-768x1152.jpg 768w, https:\/\/dilekterzioglu.com\/wp-content\/uploads\/2023\/10\/ipek-1024x1536.jpg 1024w, https:\/\/dilekterzioglu.com\/wp-content\/uploads\/2023\/10\/ipek-1365x2048.jpg 1365w\" sizes=\"(max-width: 1067px) 100vw, 1067px\" \/>\t\t\t\t\t\t\t\t\t\t\t\t\t\t\t<\/div>\n\t\t\t\t<\/div>\n\t\t\t\t\t<\/div>\n\t\t<\/div>\n\t\t\t\t<div class=\"elementor-column elementor-col-50 elementor-inner-column elementor-element elementor-element-bb941c3\" data-id=\"bb941c3\" data-element_type=\"column\">\n\t\t\t<div class=\"elementor-widget-wrap elementor-element-populated\">\n\t\t\t\t\t\t<div class=\"elementor-element elementor-element-a9f2415 elementor-widget elementor-widget-text-editor\" data-id=\"a9f2415\" data-element_type=\"widget\" data-widget_type=\"text-editor.default\">\n\t\t\t\t<div class=\"elementor-widget-container\">\n\t\t\t\t\t\t\t\t\t<p>\u0130pek Terzio\u011flu &#8211; Ortak<\/p>\t\t\t\t\t\t\t\t<\/div>\n\t\t\t\t<\/div>\n\t\t\t\t<div class=\"elementor-element elementor-element-b9fba55 elementor-widget elementor-widget-text-editor\" data-id=\"b9fba55\" data-element_type=\"widget\" data-widget_type=\"text-editor.default\">\n\t\t\t\t<div class=\"elementor-widget-container\">\n\t\t\t\t\t\t\t\t\t<p>Fendi, Gucci,Tod\u2019s, Giorgio Armani,Vhernier, Palmiero, Roberto Coin gibi markalarda uzun y\u0131llar profesyonel olarak \u00e7al\u0131\u015fm\u0131\u015ft\u0131r.<\/p><p>Bu markalarda edindi\u011fi deneyimleri ile birlikte marka dan\u0131\u015fmanl\u0131\u011f\u0131 yapmaktad\u0131r.<\/p><p>Dilek Terzio\u011flu Events \u2018in davet concept \u00e7al\u0131\u015fmalar\u0131n\u0131n t\u00fcm a\u015famalar\u0131 kendisi taraf\u0131ndan y\u00f6netilmektedir.<\/p>\t\t\t\t\t\t\t\t<\/div>\n\t\t\t\t<\/div>\n\t\t\t\t\t<\/div>\n\t\t<\/div>\n\t\t\t\t\t<\/div>\n\t\t<\/section>\n\t\t\t\t\t<\/div>\n\t\t<\/div>\n\t\t\t\t\t<\/div>\n\t\t<\/section>\n\t\t\t\t<section class=\"elementor-section elementor-top-section elementor-element elementor-element-3291a281 elementor-section-boxed elementor-section-height-default elementor-section-height-default\" data-id=\"3291a281\" data-element_type=\"section\">\n\t\t\t\t\t\t<div class=\"elementor-container elementor-column-gap-no\">\n\t\t\t\t\t<div class=\"elementor-column elementor-col-50 elementor-top-column elementor-element elementor-element-21a7d7e\" data-id=\"21a7d7e\" data-element_type=\"column\">\n\t\t\t<div class=\"elementor-widget-wrap elementor-element-populated\">\n\t\t\t\t\t\t<div class=\"elementor-element elementor-element-797748ab elementor-widget elementor-widget-image\" data-id=\"797748ab\" data-element_type=\"widget\" data-widget_type=\"image.default\">\n\t\t\t\t<div class=\"elementor-widget-container\">\n\t\t\t\t\t\t\t\t\t\t\t\t\t\t\t<img loading=\"lazy\" decoding=\"async\" width=\"1095\" height=\"1296\" src=\"https:\/\/dilekterzioglu.com\/wp-content\/uploads\/2023\/10\/Hakkimizda-IMG3-1.png\" class=\"attachment-full size-full wp-image-1195\" alt=\"\" srcset=\"https:\/\/dilekterzioglu.com\/wp-content\/uploads\/2023\/10\/Hakkimizda-IMG3-1.png 1095w, https:\/\/dilekterzioglu.com\/wp-content\/uploads\/2023\/10\/Hakkimizda-IMG3-1-253x300.png 253w, https:\/\/dilekterzioglu.com\/wp-content\/uploads\/2023\/10\/Hakkimizda-IMG3-1-865x1024.png 865w, https:\/\/dilekterzioglu.com\/wp-content\/uploads\/2023\/10\/Hakkimizda-IMG3-1-768x909.png 768w\" sizes=\"(max-width: 1095px) 100vw, 1095px\" \/>\t\t\t\t\t\t\t\t\t\t\t\t\t\t\t<\/div>\n\t\t\t\t<\/div>\n\t\t\t\t\t<\/div>\n\t\t<\/div>\n\t\t\t\t<div class=\"elementor-column elementor-col-50 elementor-top-column elementor-element elementor-element-5387a024\" data-id=\"5387a024\" data-element_type=\"column\">\n\t\t\t<div class=\"elementor-widget-wrap elementor-element-populated\">\n\t\t\t\t\t\t<div class=\"elementor-element elementor-element-26aec765 elementor-widget elementor-widget-elementskit-heading\" data-id=\"26aec765\" data-element_type=\"widget\" data-widget_type=\"elementskit-heading.default\">\n\t\t\t\t<div class=\"elementor-widget-container\">\n\t\t\t\t\t<div class=\"ekit-wid-con\" ><div class=\"ekit-heading elementskit-section-title-wraper text_left   ekit_heading_tablet-   ekit_heading_mobile-\"><h3 class=\"ekit-heading--title elementskit-section-title \">Hayalinizi s\u00f6yleyin sizin i\u00e7in ger\u00e7ekle\u015ftirelim.<\/h3><\/div><\/div>\t\t\t\t<\/div>\n\t\t\t\t<\/div>\n\t\t\t\t<section class=\"elementor-section elementor-inner-section elementor-element elementor-element-1d2fb8e2 elementor-section-boxed elementor-section-height-default elementor-section-height-default\" data-id=\"1d2fb8e2\" data-element_type=\"section\">\n\t\t\t\t\t\t<div class=\"elementor-container elementor-column-gap-no\">\n\t\t\t\t\t<div class=\"elementor-column elementor-col-100 elementor-inner-column elementor-element elementor-element-7377f29f\" data-id=\"7377f29f\" data-element_type=\"column\">\n\t\t\t<div class=\"elementor-widget-wrap elementor-element-populated\">\n\t\t\t\t\t\t<div class=\"elementor-element elementor-element-dfbf437 elementor-widget elementor-widget-text-editor\" data-id=\"dfbf437\" data-element_type=\"widget\" data-widget_type=\"text-editor.default\">\n\t\t\t\t<div class=\"elementor-widget-container\">\n\t\t\t\t\t\t\t\t\t<p>D\u00fc\u011f\u00fcnler, kurumsal etkinlikler, \u00f6zel etkinlikler, partiler ve catering konular\u0131nda deneyimliyiz.<\/p><p>Unutulmaz g\u00fcn\u00fcn\u00fczde sizinle birlikte \u00e7al\u0131\u015facak son derece yetenekli ekibimizle vizyonunuzu ger\u00e7e\u011fe d\u00f6n\u00fc\u015ft\u00fcrecek beceriye, deneyime ve tutkuya sahibiz.<\/p>\t\t\t\t\t\t\t\t<\/div>\n\t\t\t\t<\/div>\n\t\t\t\t<div class=\"elementor-element elementor-element-4fc27ec elementor-widget elementor-widget-elementskit-button\" data-id=\"4fc27ec\" data-element_type=\"widget\" data-widget_type=\"elementskit-button.default\">\n\t\t\t\t<div class=\"elementor-widget-container\">\n\t\t\t\t\t<div class=\"ekit-wid-con\" >\t\t<div class=\"ekit-btn-wraper\">\n\t\t\t\t\t\t\t<a href=\"\/tr\/iletisim\" class=\"elementskit-btn  whitespace--normal\" >\n\t\t\t\t\t\n\t\t\t\t\t\n\t\t\t\t\t\u0130leti\u015fim\t\t\t\t<\/a>\n\t\t\t\t\t\t<\/div>\n        <\/div>\t\t\t\t<\/div>\n\t\t\t\t<\/div>\n\t\t\t\t\t<\/div>\n\t\t<\/div>\n\t\t\t\t\t<\/div>\n\t\t<\/section>\n\t\t\t\t\t<\/div>\n\t\t<\/div>\n\t\t\t\t\t<\/div>\n\t\t<\/section>\n\t\t\t\t<\/div>\n\t\t","protected":false},"excerpt":{"rendered":"<p>Hakk\u0131m\u0131zda Dilek Terzio\u011flu &#8211; Kurucu Manajans Thompson \u2013 JWT\u2019de; Pazarlama \u0130leti\u015fimi ve Reklam alan\u0131nda 14 y\u0131ll\u0131k bir tecr\u00fcbeye sahip olan Dilek Terzio\u011flu daha sonra yiyecek \u2013 i\u00e7ecek sekt\u00f6r\u00fcnde VENGE\u2019de Marka olu\u015fumu, Pazarlama ileti\u015fimi, Marka y\u00f6netimi, Catering davetleri ve PR\u2019dan sorumlu olarak 11 y\u0131l g\u00f6rev ald\u0131. \u0130\u015f hayat\u0131ndaki 25 y\u0131l\u0131 a\u015fk\u0131n tecr\u00fcbesiyle, 2012 y\u0131l\u0131nda Ki\u015fiye ve [&hellip;]<\/p>\n","protected":false},"author":1,"featured_media":1866,"parent":0,"menu_order":0,"comment_status":"closed","ping_status":"closed","template":"elementor_header_footer","meta":{"om_disable_all_campaigns":false,"_monsterinsights_skip_tracking":false,"_monsterinsights_sitenote_active":false,"_monsterinsights_sitenote_note":"","_monsterinsights_sitenote_category":0,"_uf_show_specific_survey":0,"_uf_disable_surveys":false,"footnotes":""},"class_list":["post-2270","page","type-page","status-publish","has-post-thumbnail","hentry"],"aioseo_notices":[],"_links":{"self":[{"href":"https:\/\/dilekterzioglu.com\/tr\/wp-json\/wp\/v2\/pages\/2270","targetHints":{"allow":["GET"]}}],"collection":[{"href":"https:\/\/dilekterzioglu.com\/tr\/wp-json\/wp\/v2\/pages"}],"about":[{"href":"https:\/\/dilekterzioglu.com\/tr\/wp-json\/wp\/v2\/types\/page"}],"author":[{"embeddable":true,"href":"https:\/\/dilekterzioglu.com\/tr\/wp-json\/wp\/v2\/users\/1"}],"replies":[{"embeddable":true,"href":"https:\/\/dilekterzioglu.com\/tr\/wp-json\/wp\/v2\/comments?post=2270"}],"version-history":[{"count":3,"href":"https:\/\/dilekterzioglu.com\/tr\/wp-json\/wp\/v2\/pages\/2270\/revisions"}],"predecessor-version":[{"id":3476,"href":"https:\/\/dilekterzioglu.com\/tr\/wp-json\/wp\/v2\/pages\/2270\/revisions\/3476"}],"wp:featuredmedia":[{"embeddable":true,"href":"https:\/\/dilekterzioglu.com\/tr\/wp-json\/wp\/v2\/media\/1866"}],"wp:attachment":[{"href":"https:\/\/dilekterzioglu.com\/tr\/wp-json\/wp\/v2\/media?parent=2270"}],"curies":[{"name":"wp","href":"https:\/\/api.w.org\/{rel}","templated":true}]}}