{"id":4039,"date":"2025-09-12T14:46:46","date_gmt":"2025-09-12T11:46:46","guid":{"rendered":"https:\/\/dilekterzioglu.com\/?page_id=4039"},"modified":"2025-09-23T17:40:52","modified_gmt":"2025-09-23T14:40:52","slug":"wedding-destination","status":"publish","type":"page","link":"https:\/\/dilekterzioglu.com\/tr\/wedding-destination\/","title":{"rendered":"Wedding Destination"},"content":{"rendered":"\t\t<div data-elementor-type=\"wp-page\" data-elementor-id=\"4039\" class=\"elementor elementor-4039\" data-elementor-post-type=\"page\">\n\t\t\t\t<div class=\"elementor-element elementor-element-a170577 e-flex e-con-boxed e-con e-parent\" data-id=\"a170577\" data-element_type=\"container\">\n\t\t\t\t\t<div class=\"e-con-inner\">\n\t\t\t\t<div class=\"elementor-element elementor-element-cf17cec elementor-widget elementor-widget-html\" data-id=\"cf17cec\" data-element_type=\"widget\" data-widget_type=\"html.default\">\n\t\t\t\t<div class=\"elementor-widget-container\">\n\t\t\t\t\t<script type=\"text\/javascript\">\n    jQuery(function($){\n  \/\/ sadece bu bile\u015fenin i\u00e7ini hedefleyelim\n  var $root = $('.tlx-unique');\n\n  \/\/ ScrollReveal gerekli (cdn ile eklendi\u011finden emin ol)\n  if (typeof ScrollReveal !== 'undefined') {\n    var sr = ScrollReveal();\n\n    \/\/ mobilde hepsini right'tan getir\n    if ($(window).width() < 768) {\n      $root.find('.timeline-content.js--fadeInLeft')\n        .removeClass('js--fadeInLeft')\n        .addClass('js--fadeInRight');\n\n      sr.reveal('.tlx-unique .js--fadeInRight', {\n        origin: 'right',\n        distance: '300px',\n        easing: 'ease-in-out',\n        duration: 800\n      });\n    } else {\n      sr.reveal('.tlx-unique .js--fadeInLeft', {\n        origin: 'left',\n        distance: '300px',\n        easing: 'ease-in-out',\n        duration: 800\n      });\n      sr.reveal('.tlx-unique .js--fadeInRight', {\n        origin: 'right',\n        distance: '300px',\n        easing: 'ease-in-out',\n        duration: 800\n      });\n    }\n\n    \/\/ g\u00fcvenli tekrar (baz\u0131 temalar JS\u2019i birden fazla kez \u00e7al\u0131\u015ft\u0131rabiliyor)\n    sr.reveal('.tlx-unique .js--fadeInLeft', {\n      origin: 'left',\n      distance: '300px',\n      easing: 'ease-in-out',\n      duration: 800\n    });\n    sr.reveal('.tlx-unique .js--fadeInRight', {\n      origin: 'right',\n      distance: '300px',\n      easing: 'ease-in-out',\n      duration: 800\n    });\n  }\n});\n<\/script>\n<section class=\"tlx-unique timeline\">\n  <div class=\"tlx-container\">\n    <!-- ITEM 1 -->\n    <div class=\"timeline-item\">\n      <div class=\"timeline-img\"><\/div>\n      <div class=\"timeline-content js--fadeInLeft\">\n          <a href=\"https:\/\/dilekterzioglu.com\/tr\/wedding-destination\/havalimani-transferi\/\">\n          <img decoding=\"async\" src=\"https:\/\/dilekterzioglu.com\/wp-content\/uploads\/2025\/09\/beautiful-wedding-couple-is-smiling-black-car-sunny-day-dressed-elegant-wedding-outfits-with-red-bouquet-scaled.jpg\" \/>\n        <h2>Havaliman\u0131 Transferi<\/h2>\n      <\/a>\n      <\/div>\n    <\/div>\n\n    <!-- ITEM 2 -->\n    <div class=\"timeline-item\">\n      <div class=\"timeline-img\"><\/div>\n      <div class=\"timeline-content js--fadeInRight\">\n          <a href=\"https:\/\/dilekterzioglu.com\/tr\/wedding-destination\/welcome-brunch\/\">\n          <img decoding=\"async\" src=\"https:\/\/dilekterzioglu.com\/wp-content\/uploads\/2025\/09\/close-up-woman-reading-book-while-having-breakfast-scaled.jpg\" \/>\n        <h2>Welcome Brunch<\/h2>\n        <\/a>\n      <\/div>\n    <\/div>\n\n    <!-- ITEM 3 -->\n    <div class=\"timeline-item\">\n      <div class=\"timeline-img\"><\/div>\n      <div class=\"timeline-content js--fadeInLeft\">\n          <a href=\"https:\/\/dilekterzioglu.com\/tr\/wedding-destination\/welcome-dinner\/\">\n          <img decoding=\"async\" src=\"https:\/\/dilekterzioglu.com\/wp-content\/uploads\/2025\/09\/decorated-chairs-indoor-wedding-reception-scaled.jpg\" \/>\n        <h2>Welcome Dinner\n<\/h2>\n<\/a>\n      <\/div>\n    <\/div>\n\n    <!-- ITEM 4 -->\n    <div class=\"timeline-item\">\n      <div class=\"timeline-img\"><\/div>\n      <div class=\"timeline-content js--fadeInRight\">\n          <a href=\"https:\/\/dilekterzioglu.com\/tr\/wedding-destination\/bekarliga-veda\/\">\n          <img decoding=\"async\" src=\"https:\/\/dilekterzioglu.com\/wp-content\/uploads\/2025\/09\/morning-tradition-bridesmaids-bride-with-champagne-silky-nightwears-celebration-scaled.jpg\" \/>\n        <h2>Bekarl\u0131\u011fa Veda Partisi \/ K\u0131na Gecesi\n<\/h2>\n<\/a>\n      <\/div>\n    <\/div>\n    \n    <div class=\"timeline-item\">\n      <div class=\"timeline-img\"><\/div>\n      <div class=\"timeline-content js--fadeInLeft\">\n          <a href=\"https:\/\/dilekterzioglu.com\/tr\/wedding-destination\/dugun-seremonisi\/\">\n          <img decoding=\"async\" src=\"https:\/\/dilekterzioglu.com\/wp-content\/uploads\/2025\/09\/praying-finger-candle-moment-christ-scaled.jpg\" \/>\n        <h2>D\u00fc\u011f\u00fcn Seremonisi<\/h2>\n        <\/a>\n      <\/div>\n    <\/div>\n    <div class=\"timeline-item\">\n      <div class=\"timeline-img\"><\/div>\n      <div class=\"timeline-content js--fadeInRight\">\n          <a href=\"https:\/\/dilekterzioglu.com\/tr\/wedding-destination\/after-party\/\">\n          <img decoding=\"async\" src=\"https:\/\/dilekterzioglu.com\/wp-content\/uploads\/2025\/09\/new-year-party-concept-with-couple-holding-glasses-scaled.jpg\" \/>\n        <h2>After Party\n<\/h2>\n<\/a>\n      <\/div>\n    <\/div>\n    <div class=\"timeline-item\">\n      <div class=\"timeline-img\"><\/div>\n      <div class=\"timeline-content js--fadeInLeft\">\n          <a href=\"https:\/\/dilekterzioglu.com\/tr\/wedding-destination\/istanbul-kultur-turu\/\">\n          <img decoding=\"async\" src=\"https:\/\/dilekterzioglu.com\/wp-content\/uploads\/2025\/09\/couple-brides-standing-city-sea-background-istanbul-scaled.jpg\" \/>\n        <h2>\u0130stanbul K\u00fclt\u00fcr Turu\n<\/h2>\n<\/a>\n      <\/div>\n    <\/div>\n    <div class=\"timeline-item\">\n      <div class=\"timeline-img\"><\/div>\n      <div class=\"timeline-content js--fadeInRight\">\n          <a href=\"https:\/\/dilekterzioglu.com\/tr\/wedding-destination\/tekne-turu\/\">\n          <img decoding=\"async\" src=\"https:\/\/dilekterzioglu.com\/wp-content\/uploads\/2025\/09\/newlyweds-boat-scaled.jpg\" \/>\n        <h2>Tekne Turu\n<\/h2>\n<\/a>\n      <\/div>\n    <\/div>\n    <div class=\"timeline-item\">\n      <div class=\"timeline-img\"><\/div>\n      <div class=\"timeline-content js--fadeInLeft\">\n          <a href=\"https:\/\/dilekterzioglu.com\/tr\/wedding-destination\/konaklama\/\">\n          <img decoding=\"async\" src=\"https:\/\/dilekterzioglu.com\/wp-content\/uploads\/2025\/09\/front-view-large-transparent-window-with-opened-door-outside-which-newlyweds-posing-embracing-balcony-their-wedding-day-scaled.jpg\" \/>\n        <h2>Konaklama\n<\/h2>\n<\/a>\n      <\/div>\n    <\/div>\n    \n  <\/div>\n<\/section>\t\t\t\t<\/div>\n\t\t\t\t<\/div>\n\t\t\t\t\t<\/div>\n\t\t\t\t<\/div>\n\t\t\t\t<\/div>\n\t\t","protected":false},"excerpt":{"rendered":"<p>Havaliman\u0131 Transferi Welcome Brunch Welcome Dinner Bekarl\u0131\u011fa Veda Partisi \/ K\u0131na Gecesi D\u00fc\u011f\u00fcn Seremonisi After Party \u0130stanbul K\u00fclt\u00fcr Turu Tekne Turu Konaklama<\/p>\n","protected":false},"author":1,"featured_media":0,"parent":0,"menu_order":0,"comment_status":"closed","ping_status":"closed","template":"","meta":{"om_disable_all_campaigns":false,"_monsterinsights_skip_tracking":false,"_monsterinsights_sitenote_active":false,"_monsterinsights_sitenote_note":"","_monsterinsights_sitenote_category":0,"_uf_show_specific_survey":0,"_uf_disable_surveys":false,"footnotes":""},"class_list":["post-4039","page","type-page","status-publish","hentry"],"aioseo_notices":[],"_links":{"self":[{"href":"https:\/\/dilekterzioglu.com\/tr\/wp-json\/wp\/v2\/pages\/4039","targetHints":{"allow":["GET"]}}],"collection":[{"href":"https:\/\/dilekterzioglu.com\/tr\/wp-json\/wp\/v2\/pages"}],"about":[{"href":"https:\/\/dilekterzioglu.com\/tr\/wp-json\/wp\/v2\/types\/page"}],"author":[{"embeddable":true,"href":"https:\/\/dilekterzioglu.com\/tr\/wp-json\/wp\/v2\/users\/1"}],"replies":[{"embeddable":true,"href":"https:\/\/dilekterzioglu.com\/tr\/wp-json\/wp\/v2\/comments?post=4039"}],"version-history":[{"count":28,"href":"https:\/\/dilekterzioglu.com\/tr\/wp-json\/wp\/v2\/pages\/4039\/revisions"}],"predecessor-version":[{"id":4319,"href":"https:\/\/dilekterzioglu.com\/tr\/wp-json\/wp\/v2\/pages\/4039\/revisions\/4319"}],"wp:attachment":[{"href":"https:\/\/dilekterzioglu.com\/tr\/wp-json\/wp\/v2\/media?parent=4039"}],"curies":[{"name":"wp","href":"https:\/\/api.w.org\/{rel}","templated":true}]}}